{"id":1802,"date":"2025-05-30T05:45:22","date_gmt":"2025-05-30T03:45:22","guid":{"rendered":"https:\/\/chez-angele-olmeto.com\/?page_id=1802"},"modified":"2025-09-23T05:14:49","modified_gmt":"2025-09-23T03:14:49","slug":"reservation-et-contact","status":"publish","type":"page","link":"https:\/\/chez-angele-olmeto.com\/de\/reservation-et-contact\/","title":{"rendered":"Buchung und Kontakt"},"content":{"rendered":"<div data-elementor-type=\"wp-page\" data-elementor-id=\"1802\" class=\"elementor elementor-1802\" data-elementor-post-type=\"page\">\n\t\t\t\t<div class=\"elementor-element elementor-element-e92a0cd e-flex e-con-boxed e-con e-parent\" data-id=\"e92a0cd\" data-element_type=\"container\" data-settings=\"{&quot;background_background&quot;:&quot;classic&quot;}\">\n\t\t\t\t\t<div class=\"e-con-inner\">\n\t\t\t\t<div class=\"elementor-element elementor-element-62b1aa6 elementor-widget elementor-widget-heading\" data-id=\"62b1aa6\" data-element_type=\"widget\" data-widget_type=\"heading.default\">\n\t\t\t\t<div class=\"elementor-widget-container\">\n\t\t\t\t\t<h2 class=\"elementor-heading-title elementor-size-default\">Kontakt und Buchung<\/h2>\t\t\t\t<\/div>\n\t\t\t\t<\/div>\n\t\t\t\t\t<\/div>\n\t\t\t\t<\/div>\n\t\t<div class=\"elementor-element elementor-element-5e0577a e-flex e-con-boxed e-con e-parent\" data-id=\"5e0577a\" data-element_type=\"container\">\n\t\t\t\t\t<div class=\"e-con-inner\">\n\t\t<div class=\"elementor-element elementor-element-e9db8da e-con-full e-flex e-con e-child\" data-id=\"e9db8da\" data-element_type=\"container\">\n\t\t\t\t<div class=\"elementor-element elementor-element-66d5575 elementor-widget elementor-widget-heading\" data-id=\"66d5575\" data-element_type=\"widget\" data-widget_type=\"heading.default\">\n\t\t\t\t<div class=\"elementor-widget-container\">\n\t\t\t\t\t<h2 class=\"elementor-heading-title elementor-size-default\">Online-Buchung<\/h2>\t\t\t\t<\/div>\n\t\t\t\t<\/div>\n\t\t\t\t<div class=\"elementor-element elementor-element-e56fe35 elementor-widget elementor-widget-text-editor\" data-id=\"e56fe35\" data-element_type=\"widget\" data-widget_type=\"text-editor.default\">\n\t\t\t\t<div class=\"elementor-widget-container\">\n\t\t\t\t\t\t\t\t\t<p>Die Einrichtung ist derzeit geschlossen und wird im Sommer 2026 wiederer\u00f6ffnet.<\/p>\t\t\t\t\t\t\t\t<\/div>\n\t\t\t\t<\/div>\n\t\t\t\t<div class=\"elementor-element elementor-element-7661006 elementor-button-align-stretch elementor-widget elementor-widget-form\" data-id=\"7661006\" data-element_type=\"widget\" data-settings=\"{&quot;step_next_label&quot;:&quot;Suivant&quot;,&quot;step_previous_label&quot;:&quot;Pr\\u00e9c\\u00e9dent&quot;,&quot;button_width&quot;:&quot;100&quot;,&quot;step_type&quot;:&quot;number_text&quot;,&quot;step_icon_shape&quot;:&quot;circle&quot;}\" data-widget_type=\"form.default\">\n\t\t\t\t<div class=\"elementor-widget-container\">\n\t\t\t\t\t\t\t<form class=\"elementor-form\" method=\"post\" name=\"Nouveau formulaire\" action=\"\">\n\t\t\t<input type=\"hidden\" name=\"post_id\" value=\"1802\"\/>\n\t\t\t<input type=\"hidden\" name=\"form_id\" value=\"7661006\"\/>\n\t\t\t<input type=\"hidden\" name=\"referer_title\" value=\"R\u00e9servation et contact - Chez Angele\" \/>\n\n\t\t\t\t\t\t\t<input type=\"hidden\" name=\"queried_id\" value=\"1802\"\/>\n\t\t\t\n\t\t\t<div class=\"elementor-form-fields-wrapper elementor-labels-above\">\n\t\t\t\t\t\t\t\t<div class=\"elementor-field-type-text elementor-field-group elementor-column elementor-field-group-name elementor-col-100 elementor-field-required elementor-mark-required\">\n\t\t\t\t\t\t\t\t\t\t\t\t<label for=\"form-field-name\" class=\"elementor-field-label\">\n\t\t\t\t\t\t\t\tVorname und Name\t\t\t\t\t\t\t<\/label>\n\t\t\t\t\t\t\t\t\t\t\t\t\t\t<input size=\"1\" type=\"text\" name=\"form_fields[name]\" id=\"form-field-name\" class=\"elementor-field elementor-size-sm  elementor-field-textual\" required=\"required\">\n\t\t\t\t\t\t\t\t\t\t\t<\/div>\n\t\t\t\t\t\t\t\t<div class=\"elementor-field-type-email elementor-field-group elementor-column elementor-field-group-email elementor-col-100 elementor-field-required elementor-mark-required\">\n\t\t\t\t\t\t\t\t\t\t\t\t<label for=\"form-field-email\" class=\"elementor-field-label\">\n\t\t\t\t\t\t\t\tE-Mail\t\t\t\t\t\t\t<\/label>\n\t\t\t\t\t\t\t\t\t\t\t\t\t\t<input size=\"1\" type=\"email\" name=\"form_fields[email]\" id=\"form-field-email\" class=\"elementor-field elementor-size-sm  elementor-field-textual\" required=\"required\">\n\t\t\t\t\t\t\t\t\t\t\t<\/div>\n\t\t\t\t\t\t\t\t<div class=\"elementor-field-type-tel elementor-field-group elementor-column elementor-field-group-field_2bb1ebb elementor-col-100 elementor-field-required elementor-mark-required\">\n\t\t\t\t\t\t\t\t\t\t\t\t<label for=\"form-field-field_2bb1ebb\" class=\"elementor-field-label\">\n\t\t\t\t\t\t\t\tTelefon\t\t\t\t\t\t\t<\/label>\n\t\t\t\t\t\t\t\t<input size=\"1\" type=\"tel\" name=\"form_fields[field_2bb1ebb]\" id=\"form-field-field_2bb1ebb\" class=\"elementor-field elementor-size-sm  elementor-field-textual\" required=\"required\" pattern=\"[0-9()#&amp;+*-=.]+\" title=\"Only numbers and phone characters (#, -, *, etc) are accepted.\" data-no-translation-title=\"\">\n\n\t\t\t\t\t\t<\/div>\n\t\t\t\t\t\t\t\t<div class=\"elementor-field-type-date elementor-field-group elementor-column elementor-field-group-field_0f2b098 elementor-col-100 elementor-field-required elementor-mark-required\">\n\t\t\t\t\t\t\t\t\t\t\t\t<label for=\"form-field-field_0f2b098\" class=\"elementor-field-label\">\n\t\t\t\t\t\t\t\tDatum der Buchung\t\t\t\t\t\t\t<\/label>\n\t\t\t\t\t\t\n\t\t<input type=\"date\" name=\"form_fields[field_0f2b098]\" id=\"form-field-field_0f2b098\" class=\"elementor-field elementor-size-sm  elementor-field-textual elementor-date-field\" required=\"required\" pattern=\"[0-9]{4}-[0-9]{2}-[0-9]{2}\">\n\t\t\t\t\t\t<\/div>\n\t\t\t\t\t\t\t\t<div class=\"elementor-field-type-time elementor-field-group elementor-column elementor-field-group-field_4c8c72d elementor-col-100 elementor-field-required elementor-mark-required\">\n\t\t\t\t\t\t\t\t\t\t\t\t<label for=\"form-field-field_4c8c72d\" class=\"elementor-field-label\">\n\t\t\t\t\t\t\t\tUhrzeit der Buchung\t\t\t\t\t\t\t<\/label>\n\t\t\t\t\t\t\t\t<input type=\"time\" name=\"form_fields[field_4c8c72d]\" id=\"form-field-field_4c8c72d\" class=\"elementor-field elementor-size-sm  elementor-field-textual elementor-time-field\" required=\"required\">\n\t\t\t\t\t\t<\/div>\n\t\t\t\t\t\t\t\t<div class=\"elementor-field-type-number elementor-field-group elementor-column elementor-field-group-field_4dcf6a1 elementor-col-100 elementor-field-required elementor-mark-required\">\n\t\t\t\t\t\t\t\t\t\t\t\t<label for=\"form-field-field_4dcf6a1\" class=\"elementor-field-label\">\n\t\t\t\t\t\t\t\tAnzahl der Personen\t\t\t\t\t\t\t<\/label>\n\t\t\t\t\t\t\t\t\t<input type=\"number\" name=\"form_fields[field_4dcf6a1]\" id=\"form-field-field_4dcf6a1\" class=\"elementor-field elementor-size-sm  elementor-field-textual\" required=\"required\" min=\"1\" max=\"200\" >\n\t\t\t\t\t\t<\/div>\n\t\t\t\t\t\t\t\t<div class=\"elementor-field-type-textarea elementor-field-group elementor-column elementor-field-group-message elementor-col-100\">\n\t\t\t\t\t\t\t\t\t\t\t\t<label for=\"form-field-message\" class=\"elementor-field-label\">\n\t\t\t\t\t\t\t\tKommentar \/ Sonderwunsch\t\t\t\t\t\t\t<\/label>\n\t\t\t\t\t\t<textarea class=\"elementor-field-textual elementor-field  elementor-size-sm\" name=\"form_fields[message]\" id=\"form-field-message\" rows=\"4\"><\/textarea>\t\t\t\t<\/div>\n\t\t\t\t\t\t\t\t<div class=\"elementor-field-type-recaptcha_v3 elementor-field-group elementor-column elementor-field-group-field_4ea4d89 elementor-col-100 recaptcha_v3-bottomright\">\n\t\t\t\t\t<div class=\"elementor-field\" id=\"form-field-field_4ea4d89\"><div class=\"elementor-g-recaptcha\" data-sitekey=\"6LeimU8rAAAAAM5dJ-DY5xVW4dbvnN1yo33DyN3d\" data-type=\"v3\" data-action=\"Form\" data-badge=\"bottomright\" data-size=\"invisible\"><\/div><\/div>\t\t\t\t<\/div>\n\t\t\t\t\t\t\t\t<div class=\"elementor-field-group elementor-column elementor-field-type-submit elementor-col-100 e-form__buttons\">\n\t\t\t\t\t<button class=\"elementor-button elementor-size-sm\" type=\"submit\">\n\t\t\t\t\t\t<span class=\"elementor-button-content-wrapper\">\n\t\t\t\t\t\t\t\t\t\t\t\t\t\t\t\t\t\t\t\t\t\t<span class=\"elementor-button-text\">Senden Sie<\/span>\n\t\t\t\t\t\t\t\t\t\t\t\t\t<\/span>\n\t\t\t\t\t<\/button>\n\t\t\t\t<\/div>\n\t\t\t<\/div>\n\t\t<input type=\"hidden\" name=\"trp-form-language\" value=\"de\"\/><\/form>\n\t\t\t\t\t\t<\/div>\n\t\t\t\t<\/div>\n\t\t\t\t<\/div>\n\t\t<div class=\"elementor-element elementor-element-69487fb e-con-full e-flex e-con e-child\" data-id=\"69487fb\" data-element_type=\"container\">\n\t\t\t\t<div class=\"elementor-element elementor-element-5a43220 elementor-widget elementor-widget-image\" data-id=\"5a43220\" data-element_type=\"widget\" data-widget_type=\"image.default\">\n\t\t\t\t<div class=\"elementor-widget-container\">\n\t\t\t\t\t\t\t\t\t\t\t\t\t\t\t<img fetchpriority=\"high\" decoding=\"async\" width=\"1200\" height=\"1500\" src=\"https:\/\/chez-angele-olmeto.com\/wp-content\/uploads\/2025\/07\/Chez-Angele-9-2.jpg\" class=\"attachment-full size-full wp-image-1865\" alt=\"\" srcset=\"https:\/\/chez-angele-olmeto.com\/wp-content\/uploads\/2025\/07\/Chez-Angele-9-2.jpg 1200w, https:\/\/chez-angele-olmeto.com\/wp-content\/uploads\/2025\/07\/Chez-Angele-9-2-240x300.jpg 240w, https:\/\/chez-angele-olmeto.com\/wp-content\/uploads\/2025\/07\/Chez-Angele-9-2-819x1024.jpg 819w, https:\/\/chez-angele-olmeto.com\/wp-content\/uploads\/2025\/07\/Chez-Angele-9-2-768x960.jpg 768w, https:\/\/chez-angele-olmeto.com\/wp-content\/uploads\/2025\/07\/Chez-Angele-9-2-10x12.jpg 10w\" sizes=\"(max-width: 1200px) 100vw, 1200px\" \/>\t\t\t\t\t\t\t\t\t\t\t\t\t\t\t<\/div>\n\t\t\t\t<\/div>\n\t\t\t\t<\/div>\n\t\t\t\t\t<\/div>\n\t\t\t\t<\/div>\n\t\t<div class=\"elementor-element elementor-element-d7b0c73 e-flex e-con-boxed e-con e-parent\" data-id=\"d7b0c73\" data-element_type=\"container\">\n\t\t\t\t\t<div class=\"e-con-inner\">\n\t\t\t\t<div class=\"elementor-element elementor-element-b429850 elementor-widget elementor-widget-heading\" data-id=\"b429850\" data-element_type=\"widget\" data-widget_type=\"heading.default\">\n\t\t\t\t<div class=\"elementor-widget-container\">\n\t\t\t\t\t<h2 class=\"elementor-heading-title elementor-size-default\">Uns finden<\/h2>\t\t\t\t<\/div>\n\t\t\t\t<\/div>\n\t\t\t\t<div class=\"elementor-element elementor-element-d6258f4 elementor-widget elementor-widget-google_maps\" data-id=\"d6258f4\" data-element_type=\"widget\" data-widget_type=\"google_maps.default\">\n\t\t\t\t<div class=\"elementor-widget-container\">\n\t\t\t\t\t\t\t<div class=\"elementor-custom-embed\">\n\t\t\t<iframe loading=\"lazy\"\n\t\t\t\t\tsrc=\"https:\/\/maps.google.com\/maps?q=Chez%20Ang%C3%A8le%206%20Calanca%2C%2020113%20Olmeto&#038;t=m&#038;z=16&#038;output=embed&#038;iwloc=near\"\n\t\t\t\t\ttitle=\"Chez Ang\u00e8le 6 Calanca, 20113 Olmeto\"\n\t\t\t\t\taria-label=\"Chez Ang\u00e8le 6 Calanca, 20113 Olmeto\"\n\t\t\t><\/iframe>\n\t\t<\/div>\n\t\t\t\t\t\t<\/div>\n\t\t\t\t<\/div>\n\t\t\t\t\t<\/div>\n\t\t\t\t<\/div>\n\t\t\t\t<\/div>","protected":false},"excerpt":{"rendered":"<p>Kontakt und Buchung Online-Buchung Die Einrichtung ist derzeit geschlossen und wird im Sommer 2026 wiederer\u00f6ffnet. Uns finden<\/p>","protected":false},"author":1,"featured_media":0,"parent":0,"menu_order":0,"comment_status":"closed","ping_status":"closed","template":"elementor_header_footer","meta":{"footnotes":""},"class_list":["post-1802","page","type-page","status-publish","hentry"],"yoast_head":"<!-- This site is optimized with the Yoast SEO plugin v25.2 - https:\/\/yoast.com\/wordpress\/plugins\/seo\/ -->\n<title>R\u00e9servation et contact - Chez Angele<\/title>\n<meta name=\"robots\" content=\"index, follow, max-snippet:-1, max-image-preview:large, max-video-preview:-1\" \/>\n<link rel=\"canonical\" href=\"https:\/\/chez-angele-olmeto.com\/de\/reservation-et-contact\/\" \/>\n<meta property=\"og:locale\" content=\"de_DE\" \/>\n<meta property=\"og:type\" content=\"article\" \/>\n<meta property=\"og:title\" content=\"R\u00e9servation et contact - Chez Angele\" \/>\n<meta property=\"og:description\" content=\"Contact et r\u00e9servation R\u00e9servation en ligne L&rsquo;\u00e9tablissement est actuellement ferm\u00e9 et rouvrira ses portes \u00e0 l&rsquo;\u00e9t\u00e9 2026. Nous trouver\" \/>\n<meta property=\"og:url\" content=\"https:\/\/chez-angele-olmeto.com\/de\/reservation-et-contact\/\" \/>\n<meta property=\"og:site_name\" content=\"Chez Angele\" \/>\n<meta property=\"article:modified_time\" content=\"2025-09-23T03:14:49+00:00\" \/>\n<meta property=\"og:image\" content=\"https:\/\/chez-angele-olmeto.com\/wp-content\/uploads\/2025\/07\/Chez-Angele-9-2.jpg\" \/>\n\t<meta property=\"og:image:width\" content=\"1200\" \/>\n\t<meta property=\"og:image:height\" content=\"1500\" \/>\n\t<meta property=\"og:image:type\" content=\"image\/jpeg\" \/>\n<meta name=\"twitter:card\" content=\"summary_large_image\" \/>\n<meta name=\"twitter:label1\" content=\"Gesch\u00e4tzte Lesezeit\" \/>\n\t<meta name=\"twitter:data1\" content=\"1\u00a0Minute\" \/>\n<script type=\"application\/ld+json\" class=\"yoast-schema-graph\">{\"@context\":\"https:\/\/schema.org\",\"@graph\":[{\"@type\":\"WebPage\",\"@id\":\"https:\/\/chez-angele-olmeto.com\/reservation-et-contact\/\",\"url\":\"https:\/\/chez-angele-olmeto.com\/reservation-et-contact\/\",\"name\":\"R\u00e9servation et contact - Chez Angele\",\"isPartOf\":{\"@id\":\"https:\/\/chez-angele-olmeto.com\/#website\"},\"primaryImageOfPage\":{\"@id\":\"https:\/\/chez-angele-olmeto.com\/reservation-et-contact\/#primaryimage\"},\"image\":{\"@id\":\"https:\/\/chez-angele-olmeto.com\/reservation-et-contact\/#primaryimage\"},\"thumbnailUrl\":\"https:\/\/chez-angele-olmeto.com\/wp-content\/uploads\/2025\/07\/Chez-Angele-9-2.jpg\",\"datePublished\":\"2025-05-30T03:45:22+00:00\",\"dateModified\":\"2025-09-23T03:14:49+00:00\",\"breadcrumb\":{\"@id\":\"https:\/\/chez-angele-olmeto.com\/reservation-et-contact\/#breadcrumb\"},\"inLanguage\":\"de\",\"potentialAction\":[{\"@type\":\"ReadAction\",\"target\":[\"https:\/\/chez-angele-olmeto.com\/reservation-et-contact\/\"]}]},{\"@type\":\"ImageObject\",\"inLanguage\":\"de\",\"@id\":\"https:\/\/chez-angele-olmeto.com\/reservation-et-contact\/#primaryimage\",\"url\":\"https:\/\/chez-angele-olmeto.com\/wp-content\/uploads\/2025\/07\/Chez-Angele-9-2.jpg\",\"contentUrl\":\"https:\/\/chez-angele-olmeto.com\/wp-content\/uploads\/2025\/07\/Chez-Angele-9-2.jpg\"},{\"@type\":\"BreadcrumbList\",\"@id\":\"https:\/\/chez-angele-olmeto.com\/reservation-et-contact\/#breadcrumb\",\"itemListElement\":[{\"@type\":\"ListItem\",\"position\":1,\"name\":\"Accueil\",\"item\":\"https:\/\/chez-angele-olmeto.com\/\"},{\"@type\":\"ListItem\",\"position\":2,\"name\":\"R\u00e9servation et contact\"}]},{\"@type\":\"WebSite\",\"@id\":\"https:\/\/chez-angele-olmeto.com\/#website\",\"url\":\"https:\/\/chez-angele-olmeto.com\/\",\"name\":\"Chez Angele\",\"description\":\"Restaurant \u00e0 Olmeto plage\",\"publisher\":{\"@id\":\"https:\/\/chez-angele-olmeto.com\/#organization\"},\"potentialAction\":[{\"@type\":\"SearchAction\",\"target\":{\"@type\":\"EntryPoint\",\"urlTemplate\":\"https:\/\/chez-angele-olmeto.com\/?s={search_term_string}\"},\"query-input\":{\"@type\":\"PropertyValueSpecification\",\"valueRequired\":true,\"valueName\":\"search_term_string\"}}],\"inLanguage\":\"de\"},{\"@type\":\"Organization\",\"@id\":\"https:\/\/chez-angele-olmeto.com\/#organization\",\"name\":\"Chez Angele\",\"url\":\"https:\/\/chez-angele-olmeto.com\/\",\"logo\":{\"@type\":\"ImageObject\",\"inLanguage\":\"de\",\"@id\":\"https:\/\/chez-angele-olmeto.com\/#\/schema\/logo\/image\/\",\"url\":\"https:\/\/chez-angele-olmeto.com\/wp-content\/uploads\/2022\/04\/HORI.png\",\"contentUrl\":\"https:\/\/chez-angele-olmeto.com\/wp-content\/uploads\/2022\/04\/HORI.png\",\"width\":500,\"height\":130,\"caption\":\"Chez Angele\"},\"image\":{\"@id\":\"https:\/\/chez-angele-olmeto.com\/#\/schema\/logo\/image\/\"}}]}<\/script>\n<!-- \/ Yoast SEO plugin. -->","yoast_head_json":{"title":"R\u00e9servation et contact - Chez Angele","robots":{"index":"index","follow":"follow","max-snippet":"max-snippet:-1","max-image-preview":"max-image-preview:large","max-video-preview":"max-video-preview:-1"},"canonical":"https:\/\/chez-angele-olmeto.com\/de\/reservation-et-contact\/","og_locale":"de_DE","og_type":"article","og_title":"R\u00e9servation et contact - Chez Angele","og_description":"Contact et r\u00e9servation R\u00e9servation en ligne L&rsquo;\u00e9tablissement est actuellement ferm\u00e9 et rouvrira ses portes \u00e0 l&rsquo;\u00e9t\u00e9 2026. Nous trouver","og_url":"https:\/\/chez-angele-olmeto.com\/de\/reservation-et-contact\/","og_site_name":"Chez Angele","article_modified_time":"2025-09-23T03:14:49+00:00","og_image":[{"width":1200,"height":1500,"url":"https:\/\/chez-angele-olmeto.com\/wp-content\/uploads\/2025\/07\/Chez-Angele-9-2.jpg","type":"image\/jpeg"}],"twitter_card":"summary_large_image","twitter_misc":{"Gesch\u00e4tzte Lesezeit":"1\u00a0Minute"},"schema":{"@context":"https:\/\/schema.org","@graph":[{"@type":"WebPage","@id":"https:\/\/chez-angele-olmeto.com\/reservation-et-contact\/","url":"https:\/\/chez-angele-olmeto.com\/reservation-et-contact\/","name":"R\u00e9servation et contact - Chez Angele","isPartOf":{"@id":"https:\/\/chez-angele-olmeto.com\/#website"},"primaryImageOfPage":{"@id":"https:\/\/chez-angele-olmeto.com\/reservation-et-contact\/#primaryimage"},"image":{"@id":"https:\/\/chez-angele-olmeto.com\/reservation-et-contact\/#primaryimage"},"thumbnailUrl":"https:\/\/chez-angele-olmeto.com\/wp-content\/uploads\/2025\/07\/Chez-Angele-9-2.jpg","datePublished":"2025-05-30T03:45:22+00:00","dateModified":"2025-09-23T03:14:49+00:00","breadcrumb":{"@id":"https:\/\/chez-angele-olmeto.com\/reservation-et-contact\/#breadcrumb"},"inLanguage":"de","potentialAction":[{"@type":"ReadAction","target":["https:\/\/chez-angele-olmeto.com\/reservation-et-contact\/"]}]},{"@type":"ImageObject","inLanguage":"de","@id":"https:\/\/chez-angele-olmeto.com\/reservation-et-contact\/#primaryimage","url":"https:\/\/chez-angele-olmeto.com\/wp-content\/uploads\/2025\/07\/Chez-Angele-9-2.jpg","contentUrl":"https:\/\/chez-angele-olmeto.com\/wp-content\/uploads\/2025\/07\/Chez-Angele-9-2.jpg"},{"@type":"BreadcrumbList","@id":"https:\/\/chez-angele-olmeto.com\/reservation-et-contact\/#breadcrumb","itemListElement":[{"@type":"ListItem","position":1,"name":"Accueil","item":"https:\/\/chez-angele-olmeto.com\/"},{"@type":"ListItem","position":2,"name":"R\u00e9servation et contact"}]},{"@type":"WebSite","@id":"https:\/\/chez-angele-olmeto.com\/#website","url":"https:\/\/chez-angele-olmeto.com\/","name":"Chez Angele","description":"Restaurant \u00e0 Olmeto plage","publisher":{"@id":"https:\/\/chez-angele-olmeto.com\/#organization"},"potentialAction":[{"@type":"SearchAction","target":{"@type":"EntryPoint","urlTemplate":"https:\/\/chez-angele-olmeto.com\/?s={search_term_string}"},"query-input":{"@type":"PropertyValueSpecification","valueRequired":true,"valueName":"search_term_string"}}],"inLanguage":"de"},{"@type":"Organization","@id":"https:\/\/chez-angele-olmeto.com\/#organization","name":"Chez Angele","url":"https:\/\/chez-angele-olmeto.com\/","logo":{"@type":"ImageObject","inLanguage":"de","@id":"https:\/\/chez-angele-olmeto.com\/#\/schema\/logo\/image\/","url":"https:\/\/chez-angele-olmeto.com\/wp-content\/uploads\/2022\/04\/HORI.png","contentUrl":"https:\/\/chez-angele-olmeto.com\/wp-content\/uploads\/2022\/04\/HORI.png","width":500,"height":130,"caption":"Chez Angele"},"image":{"@id":"https:\/\/chez-angele-olmeto.com\/#\/schema\/logo\/image\/"}}]}},"_links":{"self":[{"href":"https:\/\/chez-angele-olmeto.com\/de\/wp-json\/wp\/v2\/pages\/1802","targetHints":{"allow":["GET"]}}],"collection":[{"href":"https:\/\/chez-angele-olmeto.com\/de\/wp-json\/wp\/v2\/pages"}],"about":[{"href":"https:\/\/chez-angele-olmeto.com\/de\/wp-json\/wp\/v2\/types\/page"}],"author":[{"embeddable":true,"href":"https:\/\/chez-angele-olmeto.com\/de\/wp-json\/wp\/v2\/users\/1"}],"replies":[{"embeddable":true,"href":"https:\/\/chez-angele-olmeto.com\/de\/wp-json\/wp\/v2\/comments?post=1802"}],"version-history":[{"count":16,"href":"https:\/\/chez-angele-olmeto.com\/de\/wp-json\/wp\/v2\/pages\/1802\/revisions"}],"predecessor-version":[{"id":1901,"href":"https:\/\/chez-angele-olmeto.com\/de\/wp-json\/wp\/v2\/pages\/1802\/revisions\/1901"}],"wp:attachment":[{"href":"https:\/\/chez-angele-olmeto.com\/de\/wp-json\/wp\/v2\/media?parent=1802"}],"curies":[{"name":"wp","href":"https:\/\/api.w.org\/{rel}","templated":true}]}}