{"id":1822,"date":"2025-05-30T06:00:53","date_gmt":"2025-05-30T04:00:53","guid":{"rendered":"https:\/\/chez-angele-olmeto.com\/?page_id=1822"},"modified":"2025-05-30T06:05:51","modified_gmt":"2025-05-30T04:05:51","slug":"mentions-legales-et-cgu","status":"publish","type":"page","link":"https:\/\/chez-angele-olmeto.com\/de\/mentions-legales-et-cgu\/","title":{"rendered":"Rechtliche Hinweise und AGB"},"content":{"rendered":"<p><strong>Herausgeber der Seite<\/strong><\/p>\n\n\n\n<p>Diese Website wird von der Firma CHEZ ANGELE herausgegeben,<br>SAS (Vereinfachte Aktiengesellschaft) mit einem Stammkapital von 500,00 \u20ac.<br>Hauptsitz: 20113 Olmeto<br>SIRET: 842 265 522 00016<br>SIREN: 842 265 522<br>RCS: Ajaccio<br>Umsatzsteuer: FR25842265522<br>E-Mail: saschezangele@gmail.com<\/p>\n\n\n\n<p><strong>Hosting &amp; Design<\/strong><\/p>\n\n\n\n<p>Die Website wird gehostet und gestaltet von :<br>SAS INFLUENCI<br>4 route de la Corniche, 20110 Propriano<br>Kontakt: contact@influenci.com<\/p>\n\n\n\n<p><strong>Geistiges Eigentum<\/strong><\/p>\n\n\n\n<p>Der gesamte Inhalt auf der Website (Texte, Visualisierungen, Fotos, Videos, Logo usw.) ist das ausschlie\u00dfliche Eigentum von INFLUENCI im Auftrag von CHEZ ANGELE.<br>Jede teilweise oder vollst\u00e4ndige Vervielf\u00e4ltigung, Darstellung, \u00c4nderung, Ver\u00f6ffentlichung oder Anpassung ist ohne vorherige schriftliche Genehmigung strengstens untersagt.<\/p>\n\n\n\n<p><strong>Pers\u00f6nliche Daten<\/strong><\/p>\n\n\n\n<p>Diese Website sammelt pers\u00f6nliche Daten \u00fcber ihr Kontaktformular.<br>Diese Daten werden nur zur Beantwortung von Nutzeranfragen verwendet und nicht an Dritte weitergegeben.<br>Gem\u00e4\u00df der Allgemeinen Datenschutzverordnung (DSGVO) haben Sie das Recht, auf Ihre Daten zuzugreifen, sie zu berichtigen und zu l\u00f6schen. Bitte wenden Sie sich dazu an folgende Adresse: saschezangele@gmail.com.<\/p>\n\n\n\n<p><strong>Cookies<\/strong><\/p>\n\n\n\n<p>W\u00e4hrend Ihres Surfens kann die Website Cookies zu Funktionszwecken und zur Messung des Publikums (\u00fcber Google Analytics) ablegen.<br>Ein Informationsbanner erm\u00f6glicht es Ihnen, diese Cookies bei Ihrem ersten Besuch zu akzeptieren oder abzulehnen.<\/p>\n\n\n\n<p><strong>Allgemeine Nutzungsbedingungen<\/strong><\/p>\n\n\n\n<p>Die Nutzung der Website setzt die vollst\u00e4ndige und uneingeschr\u00e4nkte Annahme der nachstehenden allgemeinen Bedingungen voraus:<\/p>\n\n\n\n<p>Die Website ist 24 Stunden am Tag, 7 Tage die Woche zug\u00e4nglich, au\u00dfer bei Unterbrechungen wegen Wartungsarbeiten.<\/p>\n\n\n\n<p>CHEZ ANGELE haftet nicht f\u00fcr Fehler, Unterbrechungen oder die vor\u00fcbergehende Nichtverf\u00fcgbarkeit des Dienstes.<\/p>\n\n\n\n<p>Der Nutzer verpflichtet sich, die ordnungsgem\u00e4\u00dfe Funktion der Website nicht zu beeintr\u00e4chtigen und nicht zu versuchen, sich Zugang zu gesch\u00fctzten Daten zu verschaffen.<\/p>","protected":false},"excerpt":{"rendered":"<p>Herausgeber der Website Diese Website wird von der Firma CHEZ ANGELE,SAS (Soci\u00e9t\u00e9 par actions simplifi\u00e9e) mit einem Stammkapital von 500,00 \u20acSitz: 20113 OlmetoSIRET: 842 265 522 00016SIREN: 842 265 522RCS: AjaccioTVA intracommunautaire: FR25842265522Email: saschezangele@gmail.com Hosting &amp; Design Die Website wird gehostet und gestaltet von:SAS INFLUENCI4 route [...].<\/p>","protected":false},"author":1,"featured_media":0,"parent":0,"menu_order":0,"comment_status":"closed","ping_status":"closed","template":"","meta":{"footnotes":""},"class_list":["post-1822","page","type-page","status-publish","hentry"],"yoast_head":"<!-- This site is optimized with the Yoast SEO plugin v25.2 - https:\/\/yoast.com\/wordpress\/plugins\/seo\/ -->\n<title>Mentions l\u00e9gales et CGU - Chez Angele<\/title>\n<meta name=\"robots\" content=\"index, follow, max-snippet:-1, max-image-preview:large, max-video-preview:-1\" \/>\n<link rel=\"canonical\" href=\"https:\/\/chez-angele-olmeto.com\/de\/mentions-legales-et-cgu\/\" \/>\n<meta property=\"og:locale\" content=\"de_DE\" \/>\n<meta property=\"og:type\" content=\"article\" \/>\n<meta property=\"og:title\" content=\"Mentions l\u00e9gales et CGU - Chez Angele\" \/>\n<meta property=\"og:description\" content=\"\u00c9diteur du site Ce site est \u00e9dit\u00e9 par la soci\u00e9t\u00e9 CHEZ ANGELE,SAS (Soci\u00e9t\u00e9 par actions simplifi\u00e9e) au capital social de 500,00 \u20acSi\u00e8ge social : 20113 OlmetoSIRET : 842 265 522 00016SIREN : 842 265 522RCS : AjaccioTVA intracommunautaire : FR25842265522Email : saschezangele@gmail.com H\u00e9bergement &amp; conception Le site est h\u00e9berg\u00e9 et con\u00e7u par :SAS INFLUENCI4 route [&hellip;]\" \/>\n<meta property=\"og:url\" content=\"https:\/\/chez-angele-olmeto.com\/de\/mentions-legales-et-cgu\/\" \/>\n<meta property=\"og:site_name\" content=\"Chez Angele\" \/>\n<meta property=\"article:modified_time\" content=\"2025-05-30T04:05:51+00:00\" \/>\n<meta name=\"twitter:card\" content=\"summary_large_image\" \/>\n<meta name=\"twitter:label1\" content=\"Gesch\u00e4tzte Lesezeit\" \/>\n\t<meta name=\"twitter:data1\" content=\"2\u00a0Minuten\" \/>\n<script type=\"application\/ld+json\" class=\"yoast-schema-graph\">{\"@context\":\"https:\/\/schema.org\",\"@graph\":[{\"@type\":\"WebPage\",\"@id\":\"https:\/\/chez-angele-olmeto.com\/mentions-legales-et-cgu\/\",\"url\":\"https:\/\/chez-angele-olmeto.com\/mentions-legales-et-cgu\/\",\"name\":\"Mentions l\u00e9gales et CGU - Chez Angele\",\"isPartOf\":{\"@id\":\"https:\/\/chez-angele-olmeto.com\/#website\"},\"datePublished\":\"2025-05-30T04:00:53+00:00\",\"dateModified\":\"2025-05-30T04:05:51+00:00\",\"breadcrumb\":{\"@id\":\"https:\/\/chez-angele-olmeto.com\/mentions-legales-et-cgu\/#breadcrumb\"},\"inLanguage\":\"de\",\"potentialAction\":[{\"@type\":\"ReadAction\",\"target\":[\"https:\/\/chez-angele-olmeto.com\/mentions-legales-et-cgu\/\"]}]},{\"@type\":\"BreadcrumbList\",\"@id\":\"https:\/\/chez-angele-olmeto.com\/mentions-legales-et-cgu\/#breadcrumb\",\"itemListElement\":[{\"@type\":\"ListItem\",\"position\":1,\"name\":\"Accueil\",\"item\":\"https:\/\/chez-angele-olmeto.com\/\"},{\"@type\":\"ListItem\",\"position\":2,\"name\":\"Mentions l\u00e9gales et CGU\"}]},{\"@type\":\"WebSite\",\"@id\":\"https:\/\/chez-angele-olmeto.com\/#website\",\"url\":\"https:\/\/chez-angele-olmeto.com\/\",\"name\":\"Chez Angele\",\"description\":\"Restaurant \u00e0 Olmeto plage\",\"publisher\":{\"@id\":\"https:\/\/chez-angele-olmeto.com\/#organization\"},\"potentialAction\":[{\"@type\":\"SearchAction\",\"target\":{\"@type\":\"EntryPoint\",\"urlTemplate\":\"https:\/\/chez-angele-olmeto.com\/?s={search_term_string}\"},\"query-input\":{\"@type\":\"PropertyValueSpecification\",\"valueRequired\":true,\"valueName\":\"search_term_string\"}}],\"inLanguage\":\"de\"},{\"@type\":\"Organization\",\"@id\":\"https:\/\/chez-angele-olmeto.com\/#organization\",\"name\":\"Chez Angele\",\"url\":\"https:\/\/chez-angele-olmeto.com\/\",\"logo\":{\"@type\":\"ImageObject\",\"inLanguage\":\"de\",\"@id\":\"https:\/\/chez-angele-olmeto.com\/#\/schema\/logo\/image\/\",\"url\":\"https:\/\/chez-angele-olmeto.com\/wp-content\/uploads\/2022\/04\/HORI.png\",\"contentUrl\":\"https:\/\/chez-angele-olmeto.com\/wp-content\/uploads\/2022\/04\/HORI.png\",\"width\":500,\"height\":130,\"caption\":\"Chez Angele\"},\"image\":{\"@id\":\"https:\/\/chez-angele-olmeto.com\/#\/schema\/logo\/image\/\"}}]}<\/script>\n<!-- \/ Yoast SEO plugin. -->","yoast_head_json":{"title":"Mentions l\u00e9gales et CGU - Chez Angele","robots":{"index":"index","follow":"follow","max-snippet":"max-snippet:-1","max-image-preview":"max-image-preview:large","max-video-preview":"max-video-preview:-1"},"canonical":"https:\/\/chez-angele-olmeto.com\/de\/mentions-legales-et-cgu\/","og_locale":"de_DE","og_type":"article","og_title":"Mentions l\u00e9gales et CGU - Chez Angele","og_description":"\u00c9diteur du site Ce site est \u00e9dit\u00e9 par la soci\u00e9t\u00e9 CHEZ ANGELE,SAS (Soci\u00e9t\u00e9 par actions simplifi\u00e9e) au capital social de 500,00 \u20acSi\u00e8ge social : 20113 OlmetoSIRET : 842 265 522 00016SIREN : 842 265 522RCS : AjaccioTVA intracommunautaire : FR25842265522Email : saschezangele@gmail.com H\u00e9bergement &amp; conception Le site est h\u00e9berg\u00e9 et con\u00e7u par :SAS INFLUENCI4 route [&hellip;]","og_url":"https:\/\/chez-angele-olmeto.com\/de\/mentions-legales-et-cgu\/","og_site_name":"Chez Angele","article_modified_time":"2025-05-30T04:05:51+00:00","twitter_card":"summary_large_image","twitter_misc":{"Gesch\u00e4tzte Lesezeit":"2\u00a0Minuten"},"schema":{"@context":"https:\/\/schema.org","@graph":[{"@type":"WebPage","@id":"https:\/\/chez-angele-olmeto.com\/mentions-legales-et-cgu\/","url":"https:\/\/chez-angele-olmeto.com\/mentions-legales-et-cgu\/","name":"Mentions l\u00e9gales et CGU - Chez Angele","isPartOf":{"@id":"https:\/\/chez-angele-olmeto.com\/#website"},"datePublished":"2025-05-30T04:00:53+00:00","dateModified":"2025-05-30T04:05:51+00:00","breadcrumb":{"@id":"https:\/\/chez-angele-olmeto.com\/mentions-legales-et-cgu\/#breadcrumb"},"inLanguage":"de","potentialAction":[{"@type":"ReadAction","target":["https:\/\/chez-angele-olmeto.com\/mentions-legales-et-cgu\/"]}]},{"@type":"BreadcrumbList","@id":"https:\/\/chez-angele-olmeto.com\/mentions-legales-et-cgu\/#breadcrumb","itemListElement":[{"@type":"ListItem","position":1,"name":"Accueil","item":"https:\/\/chez-angele-olmeto.com\/"},{"@type":"ListItem","position":2,"name":"Mentions l\u00e9gales et CGU"}]},{"@type":"WebSite","@id":"https:\/\/chez-angele-olmeto.com\/#website","url":"https:\/\/chez-angele-olmeto.com\/","name":"Chez Angele","description":"Restaurant \u00e0 Olmeto plage","publisher":{"@id":"https:\/\/chez-angele-olmeto.com\/#organization"},"potentialAction":[{"@type":"SearchAction","target":{"@type":"EntryPoint","urlTemplate":"https:\/\/chez-angele-olmeto.com\/?s={search_term_string}"},"query-input":{"@type":"PropertyValueSpecification","valueRequired":true,"valueName":"search_term_string"}}],"inLanguage":"de"},{"@type":"Organization","@id":"https:\/\/chez-angele-olmeto.com\/#organization","name":"Chez Angele","url":"https:\/\/chez-angele-olmeto.com\/","logo":{"@type":"ImageObject","inLanguage":"de","@id":"https:\/\/chez-angele-olmeto.com\/#\/schema\/logo\/image\/","url":"https:\/\/chez-angele-olmeto.com\/wp-content\/uploads\/2022\/04\/HORI.png","contentUrl":"https:\/\/chez-angele-olmeto.com\/wp-content\/uploads\/2022\/04\/HORI.png","width":500,"height":130,"caption":"Chez Angele"},"image":{"@id":"https:\/\/chez-angele-olmeto.com\/#\/schema\/logo\/image\/"}}]}},"_links":{"self":[{"href":"https:\/\/chez-angele-olmeto.com\/de\/wp-json\/wp\/v2\/pages\/1822","targetHints":{"allow":["GET"]}}],"collection":[{"href":"https:\/\/chez-angele-olmeto.com\/de\/wp-json\/wp\/v2\/pages"}],"about":[{"href":"https:\/\/chez-angele-olmeto.com\/de\/wp-json\/wp\/v2\/types\/page"}],"author":[{"embeddable":true,"href":"https:\/\/chez-angele-olmeto.com\/de\/wp-json\/wp\/v2\/users\/1"}],"replies":[{"embeddable":true,"href":"https:\/\/chez-angele-olmeto.com\/de\/wp-json\/wp\/v2\/comments?post=1822"}],"version-history":[{"count":3,"href":"https:\/\/chez-angele-olmeto.com\/de\/wp-json\/wp\/v2\/pages\/1822\/revisions"}],"predecessor-version":[{"id":1825,"href":"https:\/\/chez-angele-olmeto.com\/de\/wp-json\/wp\/v2\/pages\/1822\/revisions\/1825"}],"wp:attachment":[{"href":"https:\/\/chez-angele-olmeto.com\/de\/wp-json\/wp\/v2\/media?parent=1822"}],"curies":[{"name":"wp","href":"https:\/\/api.w.org\/{rel}","templated":true}]}}