{"id":1822,"date":"2025-05-30T06:00:53","date_gmt":"2025-05-30T04:00:53","guid":{"rendered":"https:\/\/chez-angele-olmeto.com\/?page_id=1822"},"modified":"2025-05-30T06:05:51","modified_gmt":"2025-05-30T04:05:51","slug":"mentions-legales-et-cgu","status":"publish","type":"page","link":"https:\/\/chez-angele-olmeto.com\/en\/mentions-legales-et-cgu\/","title":{"rendered":"Terms and conditions"},"content":{"rendered":"<p><strong>Site editor<\/strong><\/p>\n\n\n\n<p>This site is published by CHEZ ANGELE,<br>SAS (simplified joint stock company) with share capital of \u20ac500.00<br>Head office: 20113 Olmeto<br>SIRET: 842 265 522 00016<br>SIREN NUMBER: 842 265 522<br>RCS : Ajaccio<br>Intracommunity VAT: FR25842265522<br>Email : saschezangele@gmail.com<\/p>\n\n\n\n<p><strong>Hosting &amp; design<\/strong><\/p>\n\n\n\n<p>The site is hosted and designed by :<br>SAS INFLUENCI<br>4 route de la Corniche, 20110 Propriano<br>Contact: contact@influenci.com<\/p>\n\n\n\n<p><strong>Intellectual property<\/strong><\/p>\n\n\n\n<p>All content on the site (text, visuals, photos, videos, logo, etc.) is the exclusive property of INFLUENCI on behalf of CHEZ ANGELE.<br>Any reproduction, representation, modification, publication or adaptation, in whole or in part, is strictly forbidden without prior written authorization.<\/p>\n\n\n\n<p><strong>Personal data<\/strong><\/p>\n\n\n\n<p>This site collects personal data via its contact form.<br>This data is only used to respond to user requests and is not passed on to third parties.<br>In accordance with the General Data Protection Regulation (RGPD), you have the right to access, rectify and delete your data, by simple request to the following address: saschezangele@gmail.com.<\/p>\n\n\n\n<p><strong>Cookies<\/strong><\/p>\n\n\n\n<p>During your browsing, the site may deposit cookies for operational and audience measurement purposes (via Google Analytics).<br>An information banner allows you to accept or refuse these cookies on your first visit.<\/p>\n\n\n\n<p><strong>Terms and conditions of use<\/strong><\/p>\n\n\n\n<p>Use of the site implies full acceptance of the terms and conditions below:<\/p>\n\n\n\n<p>The site is accessible 24 hours a day, 7 days a week, except when interrupted for maintenance.<\/p>\n\n\n\n<p>CHEZ ANGELE cannot be held responsible for any errors, interruptions or temporary unavailability of the service.<\/p>\n\n\n\n<p>The user undertakes not to interfere with the proper functioning of the site, nor to attempt to access protected data.<\/p>","protected":false},"excerpt":{"rendered":"<p>Site publisher This site is published by CHEZ ANGELE,SAS (Soci\u00e9t\u00e9 par actions simplifi\u00e9e) with a share capital of \u20ac500.00Head office: 20113 OlmetoSIRET: 842 265 522 00016SIREN: 842 265 522RCS: AjaccioTVA intracommunautaire: FR25842265522Email: saschezangele@gmail.com Hosting &amp; design The site is hosted and designed by:SAS INFLUENCI4 route [...]<\/p>","protected":false},"author":1,"featured_media":0,"parent":0,"menu_order":0,"comment_status":"closed","ping_status":"closed","template":"","meta":{"footnotes":""},"class_list":["post-1822","page","type-page","status-publish","hentry"],"yoast_head":"<!-- This site is optimized with the Yoast SEO plugin v25.2 - https:\/\/yoast.com\/wordpress\/plugins\/seo\/ -->\n<title>Mentions l\u00e9gales et CGU - Chez Angele<\/title>\n<meta name=\"robots\" content=\"index, follow, max-snippet:-1, max-image-preview:large, max-video-preview:-1\" \/>\n<link rel=\"canonical\" href=\"https:\/\/chez-angele-olmeto.com\/en\/mentions-legales-et-cgu\/\" \/>\n<meta property=\"og:locale\" content=\"en_US\" \/>\n<meta property=\"og:type\" content=\"article\" \/>\n<meta property=\"og:title\" content=\"Mentions l\u00e9gales et CGU - Chez Angele\" \/>\n<meta property=\"og:description\" content=\"\u00c9diteur du site Ce site est \u00e9dit\u00e9 par la soci\u00e9t\u00e9 CHEZ ANGELE,SAS (Soci\u00e9t\u00e9 par actions simplifi\u00e9e) au capital social de 500,00 \u20acSi\u00e8ge social : 20113 OlmetoSIRET : 842 265 522 00016SIREN : 842 265 522RCS : AjaccioTVA intracommunautaire : FR25842265522Email : saschezangele@gmail.com H\u00e9bergement &amp; conception Le site est h\u00e9berg\u00e9 et con\u00e7u par :SAS INFLUENCI4 route [&hellip;]\" \/>\n<meta property=\"og:url\" content=\"https:\/\/chez-angele-olmeto.com\/en\/mentions-legales-et-cgu\/\" \/>\n<meta property=\"og:site_name\" content=\"Chez Angele\" \/>\n<meta property=\"article:modified_time\" content=\"2025-05-30T04:05:51+00:00\" \/>\n<meta name=\"twitter:card\" content=\"summary_large_image\" \/>\n<meta name=\"twitter:label1\" content=\"Est. reading time\" \/>\n\t<meta name=\"twitter:data1\" content=\"2 minutes\" \/>\n<script type=\"application\/ld+json\" class=\"yoast-schema-graph\">{\"@context\":\"https:\/\/schema.org\",\"@graph\":[{\"@type\":\"WebPage\",\"@id\":\"https:\/\/chez-angele-olmeto.com\/mentions-legales-et-cgu\/\",\"url\":\"https:\/\/chez-angele-olmeto.com\/mentions-legales-et-cgu\/\",\"name\":\"Mentions l\u00e9gales et CGU - Chez Angele\",\"isPartOf\":{\"@id\":\"https:\/\/chez-angele-olmeto.com\/#website\"},\"datePublished\":\"2025-05-30T04:00:53+00:00\",\"dateModified\":\"2025-05-30T04:05:51+00:00\",\"breadcrumb\":{\"@id\":\"https:\/\/chez-angele-olmeto.com\/mentions-legales-et-cgu\/#breadcrumb\"},\"inLanguage\":\"en-US\",\"potentialAction\":[{\"@type\":\"ReadAction\",\"target\":[\"https:\/\/chez-angele-olmeto.com\/mentions-legales-et-cgu\/\"]}]},{\"@type\":\"BreadcrumbList\",\"@id\":\"https:\/\/chez-angele-olmeto.com\/mentions-legales-et-cgu\/#breadcrumb\",\"itemListElement\":[{\"@type\":\"ListItem\",\"position\":1,\"name\":\"Accueil\",\"item\":\"https:\/\/chez-angele-olmeto.com\/\"},{\"@type\":\"ListItem\",\"position\":2,\"name\":\"Mentions l\u00e9gales et CGU\"}]},{\"@type\":\"WebSite\",\"@id\":\"https:\/\/chez-angele-olmeto.com\/#website\",\"url\":\"https:\/\/chez-angele-olmeto.com\/\",\"name\":\"Chez Angele\",\"description\":\"Restaurant \u00e0 Olmeto plage\",\"publisher\":{\"@id\":\"https:\/\/chez-angele-olmeto.com\/#organization\"},\"potentialAction\":[{\"@type\":\"SearchAction\",\"target\":{\"@type\":\"EntryPoint\",\"urlTemplate\":\"https:\/\/chez-angele-olmeto.com\/?s={search_term_string}\"},\"query-input\":{\"@type\":\"PropertyValueSpecification\",\"valueRequired\":true,\"valueName\":\"search_term_string\"}}],\"inLanguage\":\"en-US\"},{\"@type\":\"Organization\",\"@id\":\"https:\/\/chez-angele-olmeto.com\/#organization\",\"name\":\"Chez Angele\",\"url\":\"https:\/\/chez-angele-olmeto.com\/\",\"logo\":{\"@type\":\"ImageObject\",\"inLanguage\":\"en-US\",\"@id\":\"https:\/\/chez-angele-olmeto.com\/#\/schema\/logo\/image\/\",\"url\":\"https:\/\/chez-angele-olmeto.com\/wp-content\/uploads\/2022\/04\/HORI.png\",\"contentUrl\":\"https:\/\/chez-angele-olmeto.com\/wp-content\/uploads\/2022\/04\/HORI.png\",\"width\":500,\"height\":130,\"caption\":\"Chez Angele\"},\"image\":{\"@id\":\"https:\/\/chez-angele-olmeto.com\/#\/schema\/logo\/image\/\"}}]}<\/script>\n<!-- \/ Yoast SEO plugin. -->","yoast_head_json":{"title":"Mentions l\u00e9gales et CGU - Chez Angele","robots":{"index":"index","follow":"follow","max-snippet":"max-snippet:-1","max-image-preview":"max-image-preview:large","max-video-preview":"max-video-preview:-1"},"canonical":"https:\/\/chez-angele-olmeto.com\/en\/mentions-legales-et-cgu\/","og_locale":"en_US","og_type":"article","og_title":"Mentions l\u00e9gales et CGU - Chez Angele","og_description":"\u00c9diteur du site Ce site est \u00e9dit\u00e9 par la soci\u00e9t\u00e9 CHEZ ANGELE,SAS (Soci\u00e9t\u00e9 par actions simplifi\u00e9e) au capital social de 500,00 \u20acSi\u00e8ge social : 20113 OlmetoSIRET : 842 265 522 00016SIREN : 842 265 522RCS : AjaccioTVA intracommunautaire : FR25842265522Email : saschezangele@gmail.com H\u00e9bergement &amp; conception Le site est h\u00e9berg\u00e9 et con\u00e7u par :SAS INFLUENCI4 route [&hellip;]","og_url":"https:\/\/chez-angele-olmeto.com\/en\/mentions-legales-et-cgu\/","og_site_name":"Chez Angele","article_modified_time":"2025-05-30T04:05:51+00:00","twitter_card":"summary_large_image","twitter_misc":{"Est. reading time":"2 minutes"},"schema":{"@context":"https:\/\/schema.org","@graph":[{"@type":"WebPage","@id":"https:\/\/chez-angele-olmeto.com\/mentions-legales-et-cgu\/","url":"https:\/\/chez-angele-olmeto.com\/mentions-legales-et-cgu\/","name":"Mentions l\u00e9gales et CGU - Chez Angele","isPartOf":{"@id":"https:\/\/chez-angele-olmeto.com\/#website"},"datePublished":"2025-05-30T04:00:53+00:00","dateModified":"2025-05-30T04:05:51+00:00","breadcrumb":{"@id":"https:\/\/chez-angele-olmeto.com\/mentions-legales-et-cgu\/#breadcrumb"},"inLanguage":"en-US","potentialAction":[{"@type":"ReadAction","target":["https:\/\/chez-angele-olmeto.com\/mentions-legales-et-cgu\/"]}]},{"@type":"BreadcrumbList","@id":"https:\/\/chez-angele-olmeto.com\/mentions-legales-et-cgu\/#breadcrumb","itemListElement":[{"@type":"ListItem","position":1,"name":"Accueil","item":"https:\/\/chez-angele-olmeto.com\/"},{"@type":"ListItem","position":2,"name":"Mentions l\u00e9gales et CGU"}]},{"@type":"WebSite","@id":"https:\/\/chez-angele-olmeto.com\/#website","url":"https:\/\/chez-angele-olmeto.com\/","name":"Chez Angele","description":"Restaurant \u00e0 Olmeto plage","publisher":{"@id":"https:\/\/chez-angele-olmeto.com\/#organization"},"potentialAction":[{"@type":"SearchAction","target":{"@type":"EntryPoint","urlTemplate":"https:\/\/chez-angele-olmeto.com\/?s={search_term_string}"},"query-input":{"@type":"PropertyValueSpecification","valueRequired":true,"valueName":"search_term_string"}}],"inLanguage":"en-US"},{"@type":"Organization","@id":"https:\/\/chez-angele-olmeto.com\/#organization","name":"Chez Angele","url":"https:\/\/chez-angele-olmeto.com\/","logo":{"@type":"ImageObject","inLanguage":"en-US","@id":"https:\/\/chez-angele-olmeto.com\/#\/schema\/logo\/image\/","url":"https:\/\/chez-angele-olmeto.com\/wp-content\/uploads\/2022\/04\/HORI.png","contentUrl":"https:\/\/chez-angele-olmeto.com\/wp-content\/uploads\/2022\/04\/HORI.png","width":500,"height":130,"caption":"Chez Angele"},"image":{"@id":"https:\/\/chez-angele-olmeto.com\/#\/schema\/logo\/image\/"}}]}},"_links":{"self":[{"href":"https:\/\/chez-angele-olmeto.com\/en\/wp-json\/wp\/v2\/pages\/1822","targetHints":{"allow":["GET"]}}],"collection":[{"href":"https:\/\/chez-angele-olmeto.com\/en\/wp-json\/wp\/v2\/pages"}],"about":[{"href":"https:\/\/chez-angele-olmeto.com\/en\/wp-json\/wp\/v2\/types\/page"}],"author":[{"embeddable":true,"href":"https:\/\/chez-angele-olmeto.com\/en\/wp-json\/wp\/v2\/users\/1"}],"replies":[{"embeddable":true,"href":"https:\/\/chez-angele-olmeto.com\/en\/wp-json\/wp\/v2\/comments?post=1822"}],"version-history":[{"count":3,"href":"https:\/\/chez-angele-olmeto.com\/en\/wp-json\/wp\/v2\/pages\/1822\/revisions"}],"predecessor-version":[{"id":1825,"href":"https:\/\/chez-angele-olmeto.com\/en\/wp-json\/wp\/v2\/pages\/1822\/revisions\/1825"}],"wp:attachment":[{"href":"https:\/\/chez-angele-olmeto.com\/en\/wp-json\/wp\/v2\/media?parent=1822"}],"curies":[{"name":"wp","href":"https:\/\/api.w.org\/{rel}","templated":true}]}}