{"id":1822,"date":"2025-05-30T06:00:53","date_gmt":"2025-05-30T04:00:53","guid":{"rendered":"https:\/\/chez-angele-olmeto.com\/?page_id=1822"},"modified":"2025-05-30T06:05:51","modified_gmt":"2025-05-30T04:05:51","slug":"mentions-legales-et-cgu","status":"publish","type":"page","link":"https:\/\/chez-angele-olmeto.com\/it\/mentions-legales-et-cgu\/","title":{"rendered":"Informazioni legali e GTCU"},"content":{"rendered":"<p><strong>Editore del sito<\/strong><\/p>\n\n\n\n<p>Questo sito web \u00e8 pubblicato da CHEZ ANGELE,<br>SAS (societ\u00e0 per azioni semplificata) con un capitale sociale di \u20ac 500,00<br>Sede legale: 20113 Olmeto<br>SIRET : 842 265 522 00016<br>NUMERO DELLA SIRENA: 842 265 522<br>Registro del Commercio e delle Imprese: Ajaccio<br>IVA intracomunitaria: FR25842265522<br>Email : saschezangele@gmail.com<\/p>\n\n\n\n<p><strong>Hosting e design<\/strong><\/p>\n\n\n\n<p>Il sito \u00e8 ospitato e progettato da :<br>SAS INFLUENZE<br>4 route de la Corniche, 20110 Propriano<br>Contatto: contact@influenci.com<\/p>\n\n\n\n<p><strong>Propriet\u00e0 intellettuale<\/strong><\/p>\n\n\n\n<p>Tutti i contenuti del sito (testi, immagini, foto, video, loghi, ecc.) sono di propriet\u00e0 esclusiva di INFLUENCI per conto di CHEZ ANGELE.<br>Qualsiasi riproduzione, rappresentazione, modifica, pubblicazione o adattamento, totale o parziale, \u00e8 severamente vietato senza previa autorizzazione scritta.<\/p>\n\n\n\n<p><strong>Dati personali<\/strong><\/p>\n\n\n\n<p>Questo sito raccoglie dati personali attraverso il modulo di contatto.<br>Questi dati vengono utilizzati solo per rispondere alle richieste degli utenti e non vengono trasmessi a terzi.<br>Ai sensi del Regolamento generale sulla protezione dei dati (RGPD), avete il diritto di accedere, rettificare e cancellare i vostri dati inviando una richiesta al seguente indirizzo: saschezangele@gmail.com.<\/p>\n\n\n\n<p><strong>Biscotti<\/strong><\/p>\n\n\n\n<p>Durante la navigazione, il sito potrebbe depositare dei cookie per scopi operativi e di misurazione dell'audience (tramite Google Analytics).<br>Un banner informativo consente di accettare o rifiutare questi cookie alla prima visita.<\/p>\n\n\n\n<p><strong>Termini e condizioni d'uso<\/strong><\/p>\n\n\n\n<p>L'utilizzo del sito implica la piena accettazione dei termini e delle condizioni di seguito riportati:<\/p>\n\n\n\n<p>Il sito \u00e8 accessibile 24 ore su 24, 7 giorni su 7, salvo interruzioni per manutenzione.<\/p>\n\n\n\n<p>CHEZ ANGELE non pu\u00f2 essere ritenuta responsabile in caso di errore, interruzione o temporanea indisponibilit\u00e0 del servizio.<\/p>\n\n\n\n<p>Gli utenti si impegnano a non interferire con il corretto funzionamento del sito o a tentare di accedere a dati protetti.<\/p>","protected":false},"excerpt":{"rendered":"<p>Editore del sito Questo sito \u00e8 pubblicato da CHEZ ANGELE,SAS (Soci\u00e9t\u00e9 par actions simplifi\u00e9e) con un capitale sociale di 500,00 euroSede: 20113 OlmetoSIRET: 842 265 522 00016SIREN: 842 265 522RCS: AjaccioPartita IVA intracomunitaria: FR25842265522Email: saschezangele@gmail.com Hosting &amp; design Il sito \u00e8 ospitato e progettato da:SAS INFLUENCI4 route [...]<\/p>","protected":false},"author":1,"featured_media":0,"parent":0,"menu_order":0,"comment_status":"closed","ping_status":"closed","template":"","meta":{"footnotes":""},"class_list":["post-1822","page","type-page","status-publish","hentry"],"yoast_head":"<!-- This site is optimized with the Yoast SEO plugin v25.2 - https:\/\/yoast.com\/wordpress\/plugins\/seo\/ -->\n<title>Mentions l\u00e9gales et CGU - Chez Angele<\/title>\n<meta name=\"robots\" content=\"index, follow, max-snippet:-1, max-image-preview:large, max-video-preview:-1\" \/>\n<link rel=\"canonical\" href=\"https:\/\/chez-angele-olmeto.com\/it\/mentions-legales-et-cgu\/\" \/>\n<meta property=\"og:locale\" content=\"it_IT\" \/>\n<meta property=\"og:type\" content=\"article\" \/>\n<meta property=\"og:title\" content=\"Mentions l\u00e9gales et CGU - Chez Angele\" \/>\n<meta property=\"og:description\" content=\"\u00c9diteur du site Ce site est \u00e9dit\u00e9 par la soci\u00e9t\u00e9 CHEZ ANGELE,SAS (Soci\u00e9t\u00e9 par actions simplifi\u00e9e) au capital social de 500,00 \u20acSi\u00e8ge social : 20113 OlmetoSIRET : 842 265 522 00016SIREN : 842 265 522RCS : AjaccioTVA intracommunautaire : FR25842265522Email : saschezangele@gmail.com H\u00e9bergement &amp; conception Le site est h\u00e9berg\u00e9 et con\u00e7u par :SAS INFLUENCI4 route [&hellip;]\" \/>\n<meta property=\"og:url\" content=\"https:\/\/chez-angele-olmeto.com\/it\/mentions-legales-et-cgu\/\" \/>\n<meta property=\"og:site_name\" content=\"Chez Angele\" \/>\n<meta property=\"article:modified_time\" content=\"2025-05-30T04:05:51+00:00\" \/>\n<meta name=\"twitter:card\" content=\"summary_large_image\" \/>\n<meta name=\"twitter:label1\" content=\"Tempo di lettura stimato\" \/>\n\t<meta name=\"twitter:data1\" content=\"2 minuti\" \/>\n<script type=\"application\/ld+json\" class=\"yoast-schema-graph\">{\"@context\":\"https:\/\/schema.org\",\"@graph\":[{\"@type\":\"WebPage\",\"@id\":\"https:\/\/chez-angele-olmeto.com\/mentions-legales-et-cgu\/\",\"url\":\"https:\/\/chez-angele-olmeto.com\/mentions-legales-et-cgu\/\",\"name\":\"Mentions l\u00e9gales et CGU - Chez Angele\",\"isPartOf\":{\"@id\":\"https:\/\/chez-angele-olmeto.com\/#website\"},\"datePublished\":\"2025-05-30T04:00:53+00:00\",\"dateModified\":\"2025-05-30T04:05:51+00:00\",\"breadcrumb\":{\"@id\":\"https:\/\/chez-angele-olmeto.com\/mentions-legales-et-cgu\/#breadcrumb\"},\"inLanguage\":\"it-IT\",\"potentialAction\":[{\"@type\":\"ReadAction\",\"target\":[\"https:\/\/chez-angele-olmeto.com\/mentions-legales-et-cgu\/\"]}]},{\"@type\":\"BreadcrumbList\",\"@id\":\"https:\/\/chez-angele-olmeto.com\/mentions-legales-et-cgu\/#breadcrumb\",\"itemListElement\":[{\"@type\":\"ListItem\",\"position\":1,\"name\":\"Accueil\",\"item\":\"https:\/\/chez-angele-olmeto.com\/\"},{\"@type\":\"ListItem\",\"position\":2,\"name\":\"Mentions l\u00e9gales et CGU\"}]},{\"@type\":\"WebSite\",\"@id\":\"https:\/\/chez-angele-olmeto.com\/#website\",\"url\":\"https:\/\/chez-angele-olmeto.com\/\",\"name\":\"Chez Angele\",\"description\":\"Restaurant \u00e0 Olmeto plage\",\"publisher\":{\"@id\":\"https:\/\/chez-angele-olmeto.com\/#organization\"},\"potentialAction\":[{\"@type\":\"SearchAction\",\"target\":{\"@type\":\"EntryPoint\",\"urlTemplate\":\"https:\/\/chez-angele-olmeto.com\/?s={search_term_string}\"},\"query-input\":{\"@type\":\"PropertyValueSpecification\",\"valueRequired\":true,\"valueName\":\"search_term_string\"}}],\"inLanguage\":\"it-IT\"},{\"@type\":\"Organization\",\"@id\":\"https:\/\/chez-angele-olmeto.com\/#organization\",\"name\":\"Chez Angele\",\"url\":\"https:\/\/chez-angele-olmeto.com\/\",\"logo\":{\"@type\":\"ImageObject\",\"inLanguage\":\"it-IT\",\"@id\":\"https:\/\/chez-angele-olmeto.com\/#\/schema\/logo\/image\/\",\"url\":\"https:\/\/chez-angele-olmeto.com\/wp-content\/uploads\/2022\/04\/HORI.png\",\"contentUrl\":\"https:\/\/chez-angele-olmeto.com\/wp-content\/uploads\/2022\/04\/HORI.png\",\"width\":500,\"height\":130,\"caption\":\"Chez Angele\"},\"image\":{\"@id\":\"https:\/\/chez-angele-olmeto.com\/#\/schema\/logo\/image\/\"}}]}<\/script>\n<!-- \/ Yoast SEO plugin. -->","yoast_head_json":{"title":"Mentions l\u00e9gales et CGU - Chez Angele","robots":{"index":"index","follow":"follow","max-snippet":"max-snippet:-1","max-image-preview":"max-image-preview:large","max-video-preview":"max-video-preview:-1"},"canonical":"https:\/\/chez-angele-olmeto.com\/it\/mentions-legales-et-cgu\/","og_locale":"it_IT","og_type":"article","og_title":"Mentions l\u00e9gales et CGU - Chez Angele","og_description":"\u00c9diteur du site Ce site est \u00e9dit\u00e9 par la soci\u00e9t\u00e9 CHEZ ANGELE,SAS (Soci\u00e9t\u00e9 par actions simplifi\u00e9e) au capital social de 500,00 \u20acSi\u00e8ge social : 20113 OlmetoSIRET : 842 265 522 00016SIREN : 842 265 522RCS : AjaccioTVA intracommunautaire : FR25842265522Email : saschezangele@gmail.com H\u00e9bergement &amp; conception Le site est h\u00e9berg\u00e9 et con\u00e7u par :SAS INFLUENCI4 route [&hellip;]","og_url":"https:\/\/chez-angele-olmeto.com\/it\/mentions-legales-et-cgu\/","og_site_name":"Chez Angele","article_modified_time":"2025-05-30T04:05:51+00:00","twitter_card":"summary_large_image","twitter_misc":{"Tempo di lettura stimato":"2 minuti"},"schema":{"@context":"https:\/\/schema.org","@graph":[{"@type":"WebPage","@id":"https:\/\/chez-angele-olmeto.com\/mentions-legales-et-cgu\/","url":"https:\/\/chez-angele-olmeto.com\/mentions-legales-et-cgu\/","name":"Mentions l\u00e9gales et CGU - Chez Angele","isPartOf":{"@id":"https:\/\/chez-angele-olmeto.com\/#website"},"datePublished":"2025-05-30T04:00:53+00:00","dateModified":"2025-05-30T04:05:51+00:00","breadcrumb":{"@id":"https:\/\/chez-angele-olmeto.com\/mentions-legales-et-cgu\/#breadcrumb"},"inLanguage":"it-IT","potentialAction":[{"@type":"ReadAction","target":["https:\/\/chez-angele-olmeto.com\/mentions-legales-et-cgu\/"]}]},{"@type":"BreadcrumbList","@id":"https:\/\/chez-angele-olmeto.com\/mentions-legales-et-cgu\/#breadcrumb","itemListElement":[{"@type":"ListItem","position":1,"name":"Accueil","item":"https:\/\/chez-angele-olmeto.com\/"},{"@type":"ListItem","position":2,"name":"Mentions l\u00e9gales et CGU"}]},{"@type":"WebSite","@id":"https:\/\/chez-angele-olmeto.com\/#website","url":"https:\/\/chez-angele-olmeto.com\/","name":"Chez Angele","description":"Restaurant \u00e0 Olmeto plage","publisher":{"@id":"https:\/\/chez-angele-olmeto.com\/#organization"},"potentialAction":[{"@type":"SearchAction","target":{"@type":"EntryPoint","urlTemplate":"https:\/\/chez-angele-olmeto.com\/?s={search_term_string}"},"query-input":{"@type":"PropertyValueSpecification","valueRequired":true,"valueName":"search_term_string"}}],"inLanguage":"it-IT"},{"@type":"Organization","@id":"https:\/\/chez-angele-olmeto.com\/#organization","name":"Chez Angele","url":"https:\/\/chez-angele-olmeto.com\/","logo":{"@type":"ImageObject","inLanguage":"it-IT","@id":"https:\/\/chez-angele-olmeto.com\/#\/schema\/logo\/image\/","url":"https:\/\/chez-angele-olmeto.com\/wp-content\/uploads\/2022\/04\/HORI.png","contentUrl":"https:\/\/chez-angele-olmeto.com\/wp-content\/uploads\/2022\/04\/HORI.png","width":500,"height":130,"caption":"Chez Angele"},"image":{"@id":"https:\/\/chez-angele-olmeto.com\/#\/schema\/logo\/image\/"}}]}},"_links":{"self":[{"href":"https:\/\/chez-angele-olmeto.com\/it\/wp-json\/wp\/v2\/pages\/1822","targetHints":{"allow":["GET"]}}],"collection":[{"href":"https:\/\/chez-angele-olmeto.com\/it\/wp-json\/wp\/v2\/pages"}],"about":[{"href":"https:\/\/chez-angele-olmeto.com\/it\/wp-json\/wp\/v2\/types\/page"}],"author":[{"embeddable":true,"href":"https:\/\/chez-angele-olmeto.com\/it\/wp-json\/wp\/v2\/users\/1"}],"replies":[{"embeddable":true,"href":"https:\/\/chez-angele-olmeto.com\/it\/wp-json\/wp\/v2\/comments?post=1822"}],"version-history":[{"count":3,"href":"https:\/\/chez-angele-olmeto.com\/it\/wp-json\/wp\/v2\/pages\/1822\/revisions"}],"predecessor-version":[{"id":1825,"href":"https:\/\/chez-angele-olmeto.com\/it\/wp-json\/wp\/v2\/pages\/1822\/revisions\/1825"}],"wp:attachment":[{"href":"https:\/\/chez-angele-olmeto.com\/it\/wp-json\/wp\/v2\/media?parent=1822"}],"curies":[{"name":"wp","href":"https:\/\/api.w.org\/{rel}","templated":true}]}}